{"id":486,"date":"2021-07-07T13:28:50","date_gmt":"2021-07-07T13:28:50","guid":{"rendered":"https:\/\/alpes-ski-soleil.com\/?page_id=486"},"modified":"2025-12-23T14:59:27","modified_gmt":"2025-12-23T14:59:27","slug":"ecrin","status":"publish","type":"page","link":"https:\/\/alpes-ski-soleil.com\/?page_id=486","title":{"rendered":"L&rsquo;\u00e9crin"},"content":{"rendered":"\n<div class=\"wp-block-group has-global-padding is-layout-constrained wp-block-group-is-layout-constrained\">\n<h1 class=\"wp-block-heading has-text-align-center\">Appartement L&rsquo;Ecrin<\/h1>\n\n\n\n<div style=\"height:50px\" aria-hidden=\"true\" class=\"wp-block-spacer\"><\/div>\n\n\n\n<div class=\"alignnormal\"><div id=\"metaslider-id-3546\" style=\"width: 100%; margin: 0 auto;\" class=\"ml-slider-3-108-0 metaslider metaslider-flex metaslider-3546 ml-slider has-dots-nav has-carousel-mode ms-theme-clarity\" role=\"region\" aria-label=\"Appartement L&#039;Ecrin\" data-height=\"300\" data-width=\"500\">\n    <div id=\"metaslider_container_3546\">\n        <div id=\"metaslider_3546\">\n            <ul class='slides'>\n                <li style=\"display: none; width: 100%;\" class=\"slide-3800 ms-image \" aria-roledescription=\"slide\" data-date=\"2024-10-27 21:31:10\" data-filename=\"Melzi-500x300.jpg\" data-slide-type=\"image\"><img loading=\"lazy\" decoding=\"async\" src=\"https:\/\/alpes-ski-soleil.com\/wp-content\/uploads\/2024\/10\/Melzi-500x300.jpg\" height=\"300\" width=\"500\" alt=\"melzi\" class=\"slider-3546 slide-3800 msDefaultImage\" title=\"Melzi\" \/><\/li>\n                <li style=\"display: none; width: 100%;\" class=\"slide-3801 ms-image \" aria-roledescription=\"slide\" data-date=\"2024-10-27 21:31:10\" data-filename=\"Ecrin-La-Meleziere-Salon-3-500x300.jpg\" data-slide-type=\"image\"><img loading=\"lazy\" decoding=\"async\" src=\"https:\/\/alpes-ski-soleil.com\/wp-content\/uploads\/2024\/10\/Ecrin-La-Meleziere-Salon-3-500x300.jpg\" height=\"300\" width=\"500\" alt=\"ecrin la m\u00e9l\u00e9zi\u00e8re salon 3\" class=\"slider-3546 slide-3801 msDefaultImage\" title=\"Ecrin La M\u00e9l\u00e9zi\u00e8re Salon 3\" \/><\/li>\n                <li style=\"display: none; width: 100%;\" class=\"slide-3802 ms-image \" aria-roledescription=\"slide\" data-date=\"2024-10-27 21:31:10\" data-filename=\"Ecrin-La-Meleziere-Terrasse-500x300.jpg\" data-slide-type=\"image\"><img loading=\"lazy\" decoding=\"async\" src=\"https:\/\/alpes-ski-soleil.com\/wp-content\/uploads\/2024\/10\/Ecrin-La-Meleziere-Terrasse-500x300.jpg\" height=\"300\" width=\"500\" alt=\"\" class=\"slider-3546 slide-3802 msDefaultImage\" title=\"Ecrin La M\u00e9l\u00e9zi\u00e8re Terrasse\" \/><\/li>\n                <li style=\"display: none; width: 100%;\" class=\"slide-3803 ms-image \" aria-roledescription=\"slide\" data-date=\"2024-10-27 21:31:10\" data-filename=\"Ecrin-La-Meleziere-Salon-2-500x300.jpg\" data-slide-type=\"image\"><img loading=\"lazy\" decoding=\"async\" src=\"https:\/\/alpes-ski-soleil.com\/wp-content\/uploads\/2024\/10\/Ecrin-La-Meleziere-Salon-2-500x300.jpg\" height=\"300\" width=\"500\" alt=\"ecrin la m\u00e9l\u00e9zi\u00e8re salon 2\" class=\"slider-3546 slide-3803 msDefaultImage\" title=\"Ecrin La M\u00e9l\u00e9zi\u00e8re Salon 2\" \/><\/li>\n                <li style=\"display: none; width: 100%;\" class=\"slide-3804 ms-image \" aria-roledescription=\"slide\" data-date=\"2024-10-27 21:31:10\" data-filename=\"Ecrin-La-Meleziere-Salon-1-500x300.jpg\" data-slide-type=\"image\"><img loading=\"lazy\" decoding=\"async\" src=\"https:\/\/alpes-ski-soleil.com\/wp-content\/uploads\/2024\/10\/Ecrin-La-Meleziere-Salon-1-500x300.jpg\" height=\"300\" width=\"500\" alt=\"ecrin la m\u00e9l\u00e9zi\u00e8re salon 1\" class=\"slider-3546 slide-3804 msDefaultImage\" title=\"Ecrin La M\u00e9l\u00e9zi\u00e8re Salon 1\" \/><\/li>\n                <li style=\"display: none; width: 100%;\" class=\"slide-3805 ms-image \" aria-roledescription=\"slide\" data-date=\"2024-10-27 21:31:10\" data-filename=\"Ecrin-La-Meleziere-Salle-Manger-1-500x300.jpg\" data-slide-type=\"image\"><img loading=\"lazy\" decoding=\"async\" src=\"https:\/\/alpes-ski-soleil.com\/wp-content\/uploads\/2024\/10\/Ecrin-La-Meleziere-Salle-Manger-1-500x300.jpg\" height=\"300\" width=\"500\" alt=\"ecrin la m\u00e9l\u00e9zi\u00e8re salle manger 1\" class=\"slider-3546 slide-3805 msDefaultImage\" title=\"Ecrin La M\u00e9l\u00e9zi\u00e8re Salle Manger 1\" \/><\/li>\n                <li style=\"display: none; width: 100%;\" class=\"slide-3806 ms-image \" aria-roledescription=\"slide\" data-date=\"2024-10-27 21:31:10\" data-filename=\"Ecrin-La-Meleziere-Salle-de-Bains-2-500x300.jpg\" data-slide-type=\"image\"><img loading=\"lazy\" decoding=\"async\" src=\"https:\/\/alpes-ski-soleil.com\/wp-content\/uploads\/2024\/10\/Ecrin-La-Meleziere-Salle-de-Bains-2-500x300.jpg\" height=\"300\" width=\"500\" alt=\"ecrin la m\u00e9l\u00e9zi\u00e8re salle de bains 2\" class=\"slider-3546 slide-3806 msDefaultImage\" title=\"Ecrin La M\u00e9l\u00e9zi\u00e8re Salle de Bains 2\" \/><\/li>\n                <li style=\"display: none; width: 100%;\" class=\"slide-3807 ms-image \" aria-roledescription=\"slide\" data-date=\"2024-10-27 21:31:10\" data-filename=\"Ecrin-La-Meleziere-Salle-de-Sport-500x300.jpg\" data-slide-type=\"image\"><img loading=\"lazy\" decoding=\"async\" src=\"https:\/\/alpes-ski-soleil.com\/wp-content\/uploads\/2024\/10\/Ecrin-La-Meleziere-Salle-de-Sport-500x300.jpg\" height=\"300\" width=\"500\" alt=\"ecrin la m\u00e9l\u00e9zi\u00e8re salle de sport\" class=\"slider-3546 slide-3807 msDefaultImage\" title=\"Ecrin La M\u00e9l\u00e9zi\u00e8re Salle de Sport\" \/><\/li>\n                <li style=\"display: none; width: 100%;\" class=\"slide-3809 ms-image \" aria-roledescription=\"slide\" data-date=\"2024-10-27 21:31:11\" data-filename=\"Ecrin-La-Meleziere-Chambre-3-500x300.jpg\" data-slide-type=\"image\"><img loading=\"lazy\" decoding=\"async\" src=\"https:\/\/alpes-ski-soleil.com\/wp-content\/uploads\/2024\/10\/Ecrin-La-Meleziere-Chambre-3-500x300.jpg\" height=\"300\" width=\"500\" alt=\"ecrin la m\u00e9l\u00e9zi\u00e8re chambre 3\" class=\"slider-3546 slide-3809 msDefaultImage\" title=\"Ecrin La M\u00e9l\u00e9zi\u00e8re Chambre 3\" \/><\/li>\n                <li style=\"display: none; width: 100%;\" class=\"slide-3810 ms-image \" aria-roledescription=\"slide\" data-date=\"2024-10-27 21:31:11\" data-filename=\"Ecrin-La-Meleziere-Cuisine-1-500x300.jpg\" data-slide-type=\"image\"><img loading=\"lazy\" decoding=\"async\" src=\"https:\/\/alpes-ski-soleil.com\/wp-content\/uploads\/2024\/10\/Ecrin-La-Meleziere-Cuisine-1-500x300.jpg\" height=\"300\" width=\"500\" alt=\"ecrin la m\u00e9l\u00e9zi\u00e8re cuisine 1\" class=\"slider-3546 slide-3810 msDefaultImage\" title=\"Ecrin La M\u00e9l\u00e9zi\u00e8re Cuisine 1\" \/><\/li>\n                <li style=\"display: none; width: 100%;\" class=\"slide-3811 ms-image \" aria-roledescription=\"slide\" data-date=\"2024-10-27 21:31:11\" data-filename=\"Ecrin-La-Meleziere-Chambre-2-500x300.jpg\" data-slide-type=\"image\"><img loading=\"lazy\" decoding=\"async\" src=\"https:\/\/alpes-ski-soleil.com\/wp-content\/uploads\/2024\/10\/Ecrin-La-Meleziere-Chambre-2-500x300.jpg\" height=\"300\" width=\"500\" alt=\"ecrin la m\u00e9l\u00e9zi\u00e8re chambre 2\" class=\"slider-3546 slide-3811 msDefaultImage\" title=\"Ecrin La M\u00e9l\u00e9zi\u00e8re Chambre 2\" \/><\/li>\n                <li style=\"display: none; width: 100%;\" class=\"slide-3813 ms-image \" aria-roledescription=\"slide\" data-date=\"2024-10-27 21:31:11\" data-filename=\"Ecrin-La-Meleziere-Chambre-1-500x300.jpg\" data-slide-type=\"image\"><img loading=\"lazy\" decoding=\"async\" src=\"https:\/\/alpes-ski-soleil.com\/wp-content\/uploads\/2024\/10\/Ecrin-La-Meleziere-Chambre-1-500x300.jpg\" height=\"300\" width=\"500\" alt=\"ecrin la m\u00e9l\u00e9zi\u00e8re chambre 1\" class=\"slider-3546 slide-3813 msDefaultImage\" title=\"Ecrin La M\u00e9l\u00e9zi\u00e8re Chambre 1\" \/><\/li>\n                <li style=\"display: none; width: 100%;\" class=\"slide-3814 ms-image \" aria-roledescription=\"slide\" data-date=\"2024-10-27 21:31:11\" data-filename=\"Deco-2-500x300.jpg\" data-slide-type=\"image\"><img loading=\"lazy\" decoding=\"async\" src=\"https:\/\/alpes-ski-soleil.com\/wp-content\/uploads\/2024\/10\/Deco-2-500x300.jpg\" height=\"300\" width=\"500\" alt=\"d\u00e9co 2\" class=\"slider-3546 slide-3814 msDefaultImage\" title=\"D\u00e9co 2\" \/><\/li>\n            <\/ul>\n        <\/div>\n        \n    <\/div>\n<\/div><\/div>\n\n\n\n<div class=\"wp-block-buttons is-content-justification-center is-layout-flex wp-container-core-buttons-is-layout-a89b3969 wp-block-buttons-is-layout-flex\">\n<div class=\"wp-block-button has-custom-width wp-block-button__width-75 is-style-fill\"><a class=\"wp-block-button__link has-background has-text-align-center wp-element-button\" href=\"https:\/\/my.matterport.com\/show\/?m=pMDDT7zMMfm\" style=\"border-radius:5px;background-color:#deb666\" target=\"_blank\" rel=\"noreferrer noopener nofollow\">Visite Virtuelle<\/a><\/div>\n<\/div>\n\n\n\n<div style=\"height:50px\" aria-hidden=\"true\" class=\"wp-block-spacer\"><\/div>\n\n\n\n<h3 class=\"wp-block-heading has-text-align-center\">Tout est pr\u00e9vu pour votre confort et votre bien-\u00eatre<\/h3>\n\n\n\n<div style=\"height:50px\" aria-hidden=\"true\" class=\"wp-block-spacer\"><\/div>\n\n\n\n<ul class=\"wp-block-list\">\n<li>Vaste<strong> s\u00e9jour lumineux<\/strong> orient\u00e9 Sud-Sud-ouest disposant d\u2019une<strong> tr\u00e8s belle vue<\/strong> sur la montagne pour des soir\u00e9es conviviales<\/li>\n\n\n\n<li>Equipement audio-vid\u00e9o de haute qualit\u00e9, avec <strong>t\u00e9l\u00e9viseur grand \u00e9cran haute d\u00e9finition<\/strong> (smartTV)<\/li>\n\n\n\n<li>Connexion <strong>Internet Haut d\u00e9bit<\/strong> (fibre)<\/li>\n\n\n\n<li>Grande<strong> cuisine am\u00e9ricaine<\/strong> parfaitement \u00e9quip\u00e9e et ouverte sur un coin repas pouvant accueillir 8 personnes<\/li>\n\n\n\n<li>Terrasse avec avec salon de jardin et barbecue<\/li>\n\n\n\n<li>Coin repos ext\u00e9rieur avec grands bains de soleil confortables<\/li>\n\n\n\n<li><strong>Chambres tr\u00e8s spacieuses<\/strong> disposant chacune de leur propre <strong>salle de bains et toilettes<\/strong><\/li>\n\n\n\n<li>Parking gratuit, Casier \u00e0 skis<\/li>\n<\/ul>\n\n\n\n<div style=\"height:50px\" aria-hidden=\"true\" class=\"wp-block-spacer\"><\/div>\n\n\n\n<div class=\"alignnormal\"><div id=\"metaslider-id-3108\" style=\"max-width: 600px; margin: 0 auto;\" class=\"ml-slider-3-108-0 metaslider metaslider-nivo metaslider-3108 ml-slider has-dots-nav ms-theme-default\" role=\"region\" aria-label=\"Appartement 1\" data-height=\"300\" data-width=\"600\">\n    <div id=\"metaslider_container_3108\">\n        <div class='slider-wrapper theme-default'><div class='ribbon'><\/div><div id='metaslider_3108' class='nivoSlider'><img loading=\"lazy\" decoding=\"async\" src=\"https:\/\/alpes-ski-soleil.com\/wp-content\/uploads\/2024\/10\/Village-enneige-1-600x300.jpg\" height=\"300\" width=\"600\" title=\"Village enneig\u00e9 1\" alt=\"village enneig\u00e9 1\" class=\"slider-3108 slide-3892 msDefaultImage\" \/><img loading=\"lazy\" decoding=\"async\" src=\"https:\/\/alpes-ski-soleil.com\/wp-content\/uploads\/2024\/10\/Ecrin-La-Meleziere-Salon-1-600x300.jpg\" height=\"300\" width=\"600\" title=\"Ecrin La M\u00e9l\u00e9zi\u00e8re Salon 1\" alt=\"ecrin la m\u00e9l\u00e9zi\u00e8re salon 1\" class=\"slider-3108 slide-3893 msDefaultImage\" \/><img loading=\"lazy\" decoding=\"async\" src=\"https:\/\/alpes-ski-soleil.com\/wp-content\/uploads\/2024\/10\/Ecrin-La-Meleziere-Salle-de-Sport-600x300.jpg\" height=\"300\" width=\"600\" title=\"Ecrin La M\u00e9l\u00e9zi\u00e8re Salle de Sport\" alt=\"ecrin la m\u00e9l\u00e9zi\u00e8re salle de sport\" class=\"slider-3108 slide-3894 msDefaultImage\" \/><img loading=\"lazy\" decoding=\"async\" src=\"https:\/\/alpes-ski-soleil.com\/wp-content\/uploads\/2024\/10\/Ecrin-La-Meleziere-Salon-2-600x300.jpg\" height=\"300\" width=\"600\" title=\"Ecrin La M\u00e9l\u00e9zi\u00e8re Salon 2\" alt=\"ecrin la m\u00e9l\u00e9zi\u00e8re salon 2\" class=\"slider-3108 slide-3895 msDefaultImage\" \/><img loading=\"lazy\" decoding=\"async\" src=\"https:\/\/alpes-ski-soleil.com\/wp-content\/uploads\/2024\/10\/Ecrin-La-Meleziere-Cuisine-1-600x300.jpg\" height=\"300\" width=\"600\" title=\"Ecrin La M\u00e9l\u00e9zi\u00e8re Cuisine 1\" alt=\"ecrin la m\u00e9l\u00e9zi\u00e8re cuisine 1\" class=\"slider-3108 slide-3896 msDefaultImage\" \/><img loading=\"lazy\" decoding=\"async\" src=\"https:\/\/alpes-ski-soleil.com\/wp-content\/uploads\/2024\/10\/Ecrin-La-Meleziere-Chambre-1b-600x300.jpg\" height=\"300\" width=\"600\" title=\"Ecrin La M\u00e9l\u00e9zi\u00e8re Chambre 1b\" alt=\"ecrin la m\u00e9l\u00e9zi\u00e8re chambre 1b\" class=\"slider-3108 slide-3897 msDefaultImage\" \/><img loading=\"lazy\" decoding=\"async\" src=\"https:\/\/alpes-ski-soleil.com\/wp-content\/uploads\/2024\/10\/Ecrin-La-Meleziere-Salle-de-Bains-1-600x300.jpg\" height=\"300\" width=\"600\" title=\"Ecrin La M\u00e9l\u00e9zi\u00e8re Salle de Bains 1\" alt=\"ecrin la m\u00e9l\u00e9zi\u00e8re salle de bains 1\" class=\"slider-3108 slide-3898 msDefaultImage\" \/><\/div><\/div>\n        \n    <\/div>\n<\/div><\/div>\n\n\n\n<h3 class=\"wp-block-heading has-text-align-center\">Tous les \u00e9quipements \u00e0 votre disposition pour des vacances parfaites<\/h3>\n\n\n\n<div style=\"height:50px\" aria-hidden=\"true\" class=\"wp-block-spacer\"><\/div>\n\n\n\n<ul class=\"wp-block-list\">\n<li>Salle de sport et sauna<\/li>\n\n\n\n<li>Lits Queen Size (160 x 200), Linge de maison fourni et lits faits \u00e0 votre arriv\u00e9e<\/li>\n\n\n\n<li>Baignoire \u00eelot, Douches \u00e0 l&rsquo;Italienne et WC dans chaque chambre, S\u00e8che-cheveux<\/li>\n\n\n\n<li>Plaques \u00e0 induction, Four \u00e9lectrique \u00e0 chaleur tournante, Four \u00e0 micro-ondes, Cafeti\u00e8re filtre et expresso, Bouilloire \u00e9lectrique, Grille-pain, Mixeur, Appareil \u00e0 raclette, Lave-vaisselle, Grand r\u00e9frig\u00e9rateur armoire avec cong\u00e9lateur<\/li>\n\n\n\n<li>Lave-linge, S\u00e8che-linge, Fer \u00e0 repasser vapeur et table \u00e0 repasser<\/li>\n\n\n\n<li>Si\u00e8ge et lit b\u00e9b\u00e9 sur demande<\/li>\n<\/ul>\n\n\n\n<div style=\"height:50px\" aria-hidden=\"true\" class=\"wp-block-spacer\"><\/div>\n\n\n\n<h3 class=\"wp-block-heading has-text-align-center\">De nombreux services pour faciliter votre s\u00e9jour<\/h3>\n\n\n\n<div style=\"height:50px\" aria-hidden=\"true\" class=\"wp-block-spacer\"><\/div>\n\n\n\n<figure class=\"wp-block-table is-style-stripes\"><table class=\"has-fixed-layout\"><tbody><tr><td class=\"has-text-align-center\" data-align=\"center\"><br><img decoding=\"async\" src=\"https:\/\/alpes-ski-soleil.com\/wp-content\/uploads\/2021\/07\/wifi50.png\" alt=\"\"><br>Wifi gratuite haut d\u00e9bit<br><\/td><td class=\"has-text-align-center\" data-align=\"center\"><img decoding=\"async\" src=\"https:\/\/alpes-ski-soleil.com\/wp-content\/uploads\/2021\/07\/smart-tv50.png\" alt=\"\"><br>Smart TV UHD 55 pouces<\/td><td class=\"has-text-align-center\" data-align=\"center\"><img decoding=\"async\" src=\"https:\/\/alpes-ski-soleil.com\/wp-content\/uploads\/2021\/07\/parking50.png\" alt=\"\"><br>Parking gratuit<\/td><\/tr><tr><td class=\"has-text-align-center\" data-align=\"center\"><br><img loading=\"lazy\" decoding=\"async\" width=\"50\" height=\"50\" src=\"https:\/\/alpes-ski-soleil.com\/wp-content\/uploads\/2021\/08\/sauna.png\" alt=\"\"><br>Sauna&nbsp;<br><\/td><td class=\"has-text-align-center\" data-align=\"center\"><img loading=\"lazy\" decoding=\"async\" width=\"50\" height=\"50\" src=\"https:\/\/alpes-ski-soleil.com\/wp-content\/uploads\/2021\/08\/salledesport.png\" alt=\"\"><br>Salle de Sports<\/td><td class=\"has-text-align-center\" data-align=\"center\"><img loading=\"lazy\" decoding=\"async\" width=\"50\" height=\"50\" src=\"https:\/\/alpes-ski-soleil.com\/wp-content\/uploads\/2021\/08\/no-smoking.png\" alt=\"\"><br>Non fumeur<\/td><\/tr><tr><td class=\"has-text-align-center\" data-align=\"center\"><br><img decoding=\"async\" src=\"https:\/\/alpes-ski-soleil.com\/wp-content\/uploads\/2021\/07\/sunbath50.png\" alt=\"\"><br>Bains de soleil<br><\/td><td class=\"has-text-align-center\" data-align=\"center\"><img loading=\"lazy\" decoding=\"async\" width=\"50\" height=\"50\" src=\"https:\/\/alpes-ski-soleil.com\/wp-content\/uploads\/2021\/08\/barbecue50.png\" alt=\"\"><br>Barbecue<\/td><td class=\"has-text-align-center\" data-align=\"center\"><img decoding=\"async\" src=\"https:\/\/alpes-ski-soleil.com\/wp-content\/uploads\/2021\/07\/terrace50.png\" alt=\"\"><br>Salon de jardin<\/td><\/tr><tr><td class=\"has-text-align-center\" data-align=\"center\"><br><img decoding=\"async\" src=\"https:\/\/alpes-ski-soleil.com\/wp-content\/uploads\/2021\/07\/Queensize-bed50.png\" alt=\"\"><br>Lits queen size<br><\/td><td class=\"has-text-align-center\" data-align=\"center\"><img decoding=\"async\" src=\"https:\/\/alpes-ski-soleil.com\/wp-content\/uploads\/2021\/07\/towels50.png\" alt=\"\"><br>Linge de maison fourni<\/td><td class=\"has-text-align-center\" data-align=\"center\"><img decoding=\"async\" src=\"https:\/\/alpes-ski-soleil.com\/wp-content\/uploads\/2021\/07\/crib50.png\" alt=\"\"><br>Berceau sur demande<\/td><\/tr><tr><td class=\"has-text-align-center\" data-align=\"center\"><br><img decoding=\"async\" src=\"https:\/\/alpes-ski-soleil.com\/wp-content\/uploads\/2021\/07\/bathtub50.png\" alt=\"\"><br>Baignoire \u00eelot<br><\/td><td class=\"has-text-align-center\" data-align=\"center\"><img decoding=\"async\" src=\"https:\/\/alpes-ski-soleil.com\/wp-content\/uploads\/2021\/07\/hair-dryer50.png\" alt=\"\"><br>S\u00e8che-cheveux<\/td><td class=\"has-text-align-center\" data-align=\"center\"><img loading=\"lazy\" decoding=\"async\" width=\"50\" height=\"50\" src=\"https:\/\/alpes-ski-soleil.com\/wp-content\/uploads\/2021\/08\/douche.png\" alt=\"\"><br>Salle d&rsquo;eau dans chaque chambre<\/td><\/tr><tr><td class=\"has-text-align-center\" data-align=\"center\"><br><img decoding=\"async\" src=\"https:\/\/alpes-ski-soleil.com\/wp-content\/uploads\/2021\/07\/washing-machine50.png\" alt=\"\"><br>Lave linge s\u00e9chant<br><\/td><td class=\"has-text-align-center\" data-align=\"center\"><img decoding=\"async\" src=\"https:\/\/alpes-ski-soleil.com\/wp-content\/uploads\/2021\/07\/toweldryer50.png\" alt=\"\"><br>S\u00e8ches-serviettes<\/td><td class=\"has-text-align-center\" data-align=\"center\"><img loading=\"lazy\" decoding=\"async\" width=\"50\" height=\"50\" src=\"https:\/\/alpes-ski-soleil.com\/wp-content\/uploads\/2021\/07\/ski50.png\" alt=\"\"><br>Casier \u00e0 skis<\/td><\/tr><tr><td class=\"has-text-align-center\" data-align=\"center\"><br><img loading=\"lazy\" decoding=\"async\" width=\"50\" height=\"50\" src=\"https:\/\/alpes-ski-soleil.com\/wp-content\/uploads\/2021\/08\/kitchen50.png\" alt=\"\"><br>Cuisine enti\u00e8rement \u00e9quip\u00e9e<br><\/td><td class=\"has-text-align-center\" data-align=\"center\"><img decoding=\"async\" src=\"https:\/\/alpes-ski-soleil.com\/wp-content\/uploads\/2021\/07\/dishwasher50.png\" alt=\"\"><br>Lave vaisselle<\/td><td class=\"has-text-align-center\" data-align=\"center\"><img decoding=\"async\" src=\"https:\/\/alpes-ski-soleil.com\/wp-content\/uploads\/2021\/07\/cafetiere50.png\" alt=\"\"><br>Cafeti\u00e8re expresso<\/td><\/tr><\/tbody><\/table><\/figure>\n\n\n\n<div style=\"height:100px\" aria-hidden=\"true\" class=\"wp-block-spacer\"><\/div>\n\n\n\n<div class=\"wp-block-buttons is-content-justification-center is-layout-flex wp-container-core-buttons-is-layout-a89b3969 wp-block-buttons-is-layout-flex\">\n<div class=\"wp-block-button has-custom-width wp-block-button__width-75 is-style-fill\"><a class=\"wp-block-button__link has-background has-text-align-center wp-element-button\" href=\"https:\/\/alpes-ski-soleil.com\/?page_id=2663#ecrin\" style=\"border-radius:5px;background-color:#deb666\">R\u00e9servez maintenant<\/a><\/div>\n<\/div>\n\n\n\n<p><\/p>\n<\/div>\n\n\n\n<p><\/p>\n","protected":false},"excerpt":{"rendered":"<p>Appartement L&rsquo;Ecrin Tout est pr\u00e9vu pour votre confort et votre bien-\u00eatre Tous les \u00e9quipements \u00e0 votre disposition pour des vacances parfaites De nombreux services pour faciliter votre s\u00e9jour Wifi gratuite haut d\u00e9bit Smart TV UHD 55 pouces Parking gratuit Sauna&nbsp; Salle de Sports Non fumeur Bains de soleil Barbecue Salon de jardin Lits queen size &hellip; <\/p>\n<p class=\"link-more\"><a href=\"https:\/\/alpes-ski-soleil.com\/?page_id=486\" class=\"more-link\">Lire la suite de<span class=\"screen-reader-text\">\u00ab\u00a0L&rsquo;\u00e9crin\u00a0\u00bb<\/span><\/a><\/p>\n","protected":false},"author":1,"featured_media":0,"parent":0,"menu_order":0,"comment_status":"closed","ping_status":"closed","template":"","meta":{"_seopress_robots_primary_cat":"","_seopress_titles_title":"Location Appartement de luxe aux Orres","_seopress_titles_desc":"","_seopress_robots_index":"","footnotes":""},"class_list":["post-486","page","type-page","status-publish","hentry"],"_links":{"self":[{"href":"https:\/\/alpes-ski-soleil.com\/index.php?rest_route=\/wp\/v2\/pages\/486","targetHints":{"allow":["GET"]}}],"collection":[{"href":"https:\/\/alpes-ski-soleil.com\/index.php?rest_route=\/wp\/v2\/pages"}],"about":[{"href":"https:\/\/alpes-ski-soleil.com\/index.php?rest_route=\/wp\/v2\/types\/page"}],"author":[{"embeddable":true,"href":"https:\/\/alpes-ski-soleil.com\/index.php?rest_route=\/wp\/v2\/users\/1"}],"replies":[{"embeddable":true,"href":"https:\/\/alpes-ski-soleil.com\/index.php?rest_route=%2Fwp%2Fv2%2Fcomments&post=486"}],"version-history":[{"count":102,"href":"https:\/\/alpes-ski-soleil.com\/index.php?rest_route=\/wp\/v2\/pages\/486\/revisions"}],"predecessor-version":[{"id":4368,"href":"https:\/\/alpes-ski-soleil.com\/index.php?rest_route=\/wp\/v2\/pages\/486\/revisions\/4368"}],"wp:attachment":[{"href":"https:\/\/alpes-ski-soleil.com\/index.php?rest_route=%2Fwp%2Fv2%2Fmedia&parent=486"}],"curies":[{"name":"wp","href":"https:\/\/api.w.org\/{rel}","templated":true}]}}